{"id":1894,"date":"2019-07-09T05:18:43","date_gmt":"2019-07-09T05:18:43","guid":{"rendered":"http:\/\/www.deprems.com\/?page_id=1894"},"modified":"2023-01-17T20:31:45","modified_gmt":"2023-01-17T20:31:45","slug":"hakkimizda","status":"publish","type":"page","link":"https:\/\/www.deprems.com\/?page_id=1894","title":{"rendered":"Hakk\u0131m\u0131zda"},"content":{"rendered":"\t\t<div data-elementor-type=\"wp-post\" data-elementor-id=\"1894\" class=\"elementor elementor-1894\">\n\t\t\t\t\t\t<div class=\"elementor-inner\">\n\t\t\t\t<div class=\"elementor-section-wrap\">\n\t\t\t\t\t\t\t\t\t<section class=\"elementor-section elementor-top-section elementor-element elementor-element-3337 elementor-section-boxed elementor-section-height-default elementor-section-height-default\" data-id=\"3337\" data-element_type=\"section\">\n\t\t\t\t\t\t<div class=\"elementor-container elementor-column-gap-default\">\n\t\t\t\t\t\t\t<div class=\"elementor-row\">\n\t\t\t\t\t<div class=\"elementor-column elementor-col-100 elementor-top-column elementor-element elementor-element-5836\" data-id=\"5836\" data-element_type=\"column\">\n\t\t\t<div class=\"elementor-column-wrap elementor-element-populated\">\n\t\t\t\t\t\t\t<div class=\"elementor-widget-wrap\">\n\t\t\t\t\t\t<section class=\"elementor-section elementor-inner-section elementor-element elementor-element-5d1 elementor-section-boxed elementor-section-height-default elementor-section-height-default\" data-id=\"5d1\" data-element_type=\"section\">\n\t\t\t\t\t\t<div class=\"elementor-container elementor-column-gap-default\">\n\t\t\t\t\t\t\t<div class=\"elementor-row\">\n\t\t\t\t\t<div class=\"elementor-column elementor-col-50 elementor-inner-column elementor-element elementor-element-7c0c\" data-id=\"7c0c\" data-element_type=\"column\">\n\t\t\t<div class=\"elementor-column-wrap elementor-element-populated\">\n\t\t\t\t\t\t\t<div class=\"elementor-widget-wrap\">\n\t\t\t\t\t\t<div class=\"elementor-element elementor-element-3b5e elementor-widget elementor-widget-image\" data-id=\"3b5e\" data-element_type=\"widget\" data-widget_type=\"image.default\">\n\t\t\t\t<div class=\"elementor-widget-container\">\n\t\t\t\t\t\t\t\t<div class=\"elementor-image\">\n\t\t\t\t\t\t\t\t\t\t\t\t<img decoding=\"async\" width=\"500\" height=\"500\" src=\"https:\/\/www.deprems.com\/wp-content\/uploads\/2019\/07\/DEPREMS-3.png\" class=\"attachment-large size-large wp-image-6698\" alt=\"\" loading=\"lazy\" srcset=\"https:\/\/www.deprems.com\/wp-content\/uploads\/2019\/07\/DEPREMS-3.png 500w, https:\/\/www.deprems.com\/wp-content\/uploads\/2019\/07\/DEPREMS-3-300x300.png 300w, https:\/\/www.deprems.com\/wp-content\/uploads\/2019\/07\/DEPREMS-3-150x150.png 150w\" sizes=\"(max-width: 500px) 100vw, 500px\" \/>\t\t\t\t\t\t\t\t\t\t\t\t\t\t<\/div>\n\t\t\t\t\t\t<\/div>\n\t\t\t\t<\/div>\n\t\t\t\t\t\t<\/div>\n\t\t\t\t\t<\/div>\n\t\t<\/div>\n\t\t\t\t<div class=\"elementor-column elementor-col-50 elementor-inner-column elementor-element elementor-element-4cf8\" data-id=\"4cf8\" data-element_type=\"column\">\n\t\t\t<div class=\"elementor-column-wrap elementor-element-populated\">\n\t\t\t\t\t\t\t<div class=\"elementor-widget-wrap\">\n\t\t\t\t\t\t<div class=\"elementor-element elementor-element-2f6a elementor-widget elementor-widget-elementskit-heading\" data-id=\"2f6a\" data-element_type=\"widget\" data-widget_type=\"elementskit-heading.default\">\n\t\t\t\t<div class=\"elementor-widget-container\">\n\t\t\t<div class=\"ekit-wid-con\" ><div class=\"ekit-heading elementskit-section-title-wraper text_left   ekit_heading_tablet-   ekit_heading_mobile-\"><span class=\"elementskit-section-subtitle  \">\n\t\t\t\t\t\tHakk\u0131m\u0131zda\n\t\t\t\t\t<\/span><h2 class=\"ekit-heading--title elementskit-section-title \">Bu Sekt\u00f6rde Uzman\u0131z!<\/h2>\t\t\t\t<div class='ekit-heading__description'>\n\t\t\t\t\t<p>Deprem\u2019s, depremler s\u0131ras\u0131nda binalar\u0131n ve yap\u0131lar\u0131n g\u00fc\u00e7l\u00fc ve dayan\u0131kl\u0131 olmas\u0131n\u0131 sa\u011flamak amac\u0131yla tasar\u0131m y\u00f6ntemleri ve tekniklerini uygulayan bir M\u00fchendislik firmas\u0131d\u0131r. Deprem M\u00fchendisli\u011fi, deprem y\u00fcklerine maruz kalan yap\u0131lar\u0131n hasar almamas\u0131, yeterli dayan\u0131ma sahip olmas\u0131 i\u00e7in uzmanla\u015fm\u0131\u015f bir m\u00fchendislik disiplinidir. Deprem\u2019s deprem m\u00fchendisli\u011fi alan\u0131nda faaliyet y\u00fcr\u00fctmektedir.<\/p>\n\t\t\t\t<\/div>\n\t\t\t<\/div><\/div>\t\t<\/div>\n\t\t\t\t<\/div>\n\t\t\t\t<div class=\"elementor-element elementor-element-2c5b elementor-widget elementor-widget-elementskit-simple-tab\" data-id=\"2c5b\" data-element_type=\"widget\" data-widget_type=\"elementskit-simple-tab.default\">\n\t\t\t\t<div class=\"elementor-widget-container\">\n\t\t\t<div class=\"ekit-wid-con\" >        <div class=\"elementkit-tab-wraper   elementskit-fitcontent-tab \">\n            <ul class=\"nav nav-tabs elementkit-tab-nav  tab-nav-fluid\" role=\"tablist\">\n                                    <li class=\"elementkit-nav-item elementor-repeater-item-3bf8f9c\">\n                        <a class=\"elementkit-nav-link  active show left-pos\" id=\"content-3bf8f9c69f63c082735c-tab\" data-ekit-handler-id=\"ne-yapar-z-\" data-ekit-toggle=\"tab\" data-target=\"#content-3bf8f9c69f63c082735c\" href=\"#Content-3bf8f9c69f63c082735c\"\n                            data-ekit-toggle-trigger=\"click\"\n                            role=\"tab\" aria-controls=\"Content-3bf8f9c69f63c082735c\" aria-selected=\"true\">\n                                                        <span class=\"elementskit-tab-title\">Ne Yapar\u0131z?<\/span>\n                        <\/a>\n                    <\/li>\n                                        <li class=\"elementkit-nav-item elementor-repeater-item-288e8e5\">\n                        <a class=\"elementkit-nav-link  left-pos\" id=\"content-288e8e569f63c082735c-tab\" data-ekit-handler-id=\"vizyonumuz\" data-ekit-toggle=\"tab\" data-target=\"#content-288e8e569f63c082735c\" href=\"#Content-288e8e569f63c082735c\"\n                            data-ekit-toggle-trigger=\"click\"\n                            role=\"tab\" aria-controls=\"Content-288e8e569f63c082735c\" aria-selected=\"true\">\n                                                        <span class=\"elementskit-tab-title\">Vizyonumuz<\/span>\n                        <\/a>\n                    <\/li>\n                                        <li class=\"elementkit-nav-item elementor-repeater-item-f122269\">\n                        <a class=\"elementkit-nav-link  left-pos\" id=\"content-f12226969f63c082735c-tab\" data-ekit-handler-id=\"misyonumuz\" data-ekit-toggle=\"tab\" data-target=\"#content-f12226969f63c082735c\" href=\"#Content-f12226969f63c082735c\"\n                            data-ekit-toggle-trigger=\"click\"\n                            role=\"tab\" aria-controls=\"Content-f12226969f63c082735c\" aria-selected=\"true\">\n                                                        <span class=\"elementskit-tab-title\">Misyonumuz<\/span>\n                        <\/a>\n                    <\/li>\n                                <\/ul>\n\n            <div class=\"tab-content elementkit-tab-content\">\n                                    <div class=\"tab-pane elementkit-tab-pane elementor-repeater-item-3bf8f9c  active show\" id=\"content-3bf8f9c69f63c082735c\" role=\"tabpanel\"\n                         aria-labelledby=\"content-3bf8f9c69f63c082735c-tab\">\n                        <div class=\"animated fadeIn\">\n                            <ul><li>Depremler esnas\u0131nda binalar\u0131n y\u0131k\u0131lma riskini azalt\u0131r\u0131z.<\/li><li>Depremler esnas\u0131nda yap\u0131lar\u0131n hasar g\u00f6rme riskini azalt\u0131r\u0131z.<\/li><li>Depremler s\u0131ras\u0131nda can ve mal kayb\u0131n\u0131 azaltmay\u0131 hedefleriz.<\/li><li>Depremler sonras\u0131nda yap\u0131lar\u0131n onar\u0131m maliyetlerini azalt\u0131r\u0131z.<\/li><li>Depremler sonras\u0131nda yap\u0131lar\u0131n kullan\u0131labilirli\u011fini s\u00fcrd\u00fcr\u00fcr veya h\u0131zla yeniden sa\u011flar\u0131z.<\/li><li>Deprem\u2019s olarak s\u00fcrd\u00fcr\u00fclebilir yap\u0131 tasar\u0131m\u0131na da \u00f6nem verir ve yap\u0131lar\u0131n do\u011fal \u00e7evreye olan etkilerini azaltmay\u0131 hedefleriz.<\/li><\/ul>                        <\/div>\n                    <\/div>\n                                    <div class=\"tab-pane elementkit-tab-pane elementor-repeater-item-288e8e5 \" id=\"content-288e8e569f63c082735c\" role=\"tabpanel\"\n                         aria-labelledby=\"content-288e8e569f63c082735c-tab\">\n                        <div class=\"animated fadeIn\">\n                            <p>Y\u00fcr\u00fctt\u00fc\u011f\u00fc projelerde insan hayat\u0131n\u0131 esas alarak kaliteli hizmet anlay\u0131\u015f\u0131yla \u00e7al\u0131\u015fmay\u0131 benimseyen, depreme kar\u015f\u0131 g\u00fc\u00e7lendirme konusunda uzmanl\u0131\u011f\u0131na ba\u015fvurulan referans kurulu\u015f olmak.<\/p>                        <\/div>\n                    <\/div>\n                                    <div class=\"tab-pane elementkit-tab-pane elementor-repeater-item-f122269 \" id=\"content-f12226969f63c082735c\" role=\"tabpanel\"\n                         aria-labelledby=\"content-f12226969f63c082735c-tab\">\n                        <div class=\"animated fadeIn\">\n                            <p>Yap\u0131 M\u00fchendisli\u011fi ve Deprem M\u00fchendisli\u011finden kazand\u0131\u011f\u0131m\u0131z deneyimleri, kamu yarar\u0131na sunarak, depremlerde olu\u015fabilecek can ve mal kay\u0131plar\u0131n\u0131 \u00f6nlemek. M\u00fc\u015fterilerini ve kamuyu Deprem konusunda bilin\u00e7lendirmek.<\/p>                        <\/div>\n                    <\/div>\n                            <\/div>\n        <\/div>\n    <\/div>\t\t<\/div>\n\t\t\t\t<\/div>\n\t\t\t\t\t\t<\/div>\n\t\t\t\t\t<\/div>\n\t\t<\/div>\n\t\t\t\t\t\t\t\t<\/div>\n\t\t\t\t\t<\/div>\n\t\t<\/section>\n\t\t\t\t\t\t<\/div>\n\t\t\t\t\t<\/div>\n\t\t<\/div>\n\t\t\t\t\t\t\t\t<\/div>\n\t\t\t\t\t<\/div>\n\t\t<\/section>\n\t\t\t\t<section class=\"elementor-section elementor-top-section elementor-element elementor-element-6104 elementor-section-boxed elementor-section-height-default elementor-section-height-default\" data-id=\"6104\" data-element_type=\"section\">\n\t\t\t\t\t\t<div class=\"elementor-container elementor-column-gap-default\">\n\t\t\t\t\t\t\t<div class=\"elementor-row\">\n\t\t\t\t\t<div class=\"elementor-column elementor-col-100 elementor-top-column elementor-element elementor-element-1917\" data-id=\"1917\" data-element_type=\"column\">\n\t\t\t<div class=\"elementor-column-wrap elementor-element-populated\">\n\t\t\t\t\t\t\t<div class=\"elementor-widget-wrap\">\n\t\t\t\t\t\t<div class=\"elementor-element elementor-element-2996 elementor-widget elementor-widget-elementskit-client-logo\" data-id=\"2996\" data-element_type=\"widget\" data-widget_type=\"elementskit-client-logo.default\">\n\t\t\t\t<div class=\"elementor-widget-container\">\n\t\t\t<div class=\"ekit-wid-con\" >        <div class=\"elementskit-clients-slider slick-slider  simple_logo_image\" data-config=\"{&quot;rtl&quot;:false,&quot;arrows&quot;:false,&quot;dots&quot;:false,&quot;pauseOnHover&quot;:true,&quot;autoplay&quot;:true,&quot;speed&quot;:&quot;5000&quot;,&quot;slidesPerView&quot;:4,&quot;slidesPerGroup&quot;:1,&quot;slidesPerColumn&quot;:1,&quot;loop&quot;:false,&quot;breakpoints&quot;:{&quot;320&quot;:{&quot;slidesPerView&quot;:1,&quot;slidesPerGroup&quot;:1},&quot;768&quot;:{&quot;slidesPerView&quot;:3,&quot;slidesPerGroup&quot;:1},&quot;1024&quot;:{&quot;slidesPerView&quot;:4,&quot;slidesPerGroup&quot;:1}}}\" data-direction=\"\">\n            <div class=\"swiper-container\">\n                <div class=\"slick-list swiper-wrapper\">\n                                            <div class=\"elementskit-client-slider-item swiper-slide \">\n                            <div class=\"slick-slide\">\n                                <div class=\"single-client image-switcher\" title=\"Title #1\">\n                                    \n                                        <div class=\"content-image\">\n\n\t\t\t\t\t\t\t\t\t\t\t<img decoding=\"async\" width=\"221\" height=\"46\" src=\"https:\/\/www.deprems.com\/wp-content\/uploads\/2023\/01\/50.png\" class=\"\" alt=\"\" loading=\"lazy\" \/>                                        <\/div>\n\n                                    \n                                <\/div>\n                            <\/div>\n                        <\/div>\n\n                                    <\/div>\n\n            <\/div><!-- .elementskit-clients-slider END -->\n           \n            <ul class=\"slick-dots swiper-pagination swiper-pagination-clickable swiper-pagination-bullets\"><\/ul>\n                    <\/div>\n\n    <\/div>\t\t<\/div>\n\t\t\t\t<\/div>\n\t\t\t\t\t\t<\/div>\n\t\t\t\t\t<\/div>\n\t\t<\/div>\n\t\t\t\t\t\t\t\t<\/div>\n\t\t\t\t\t<\/div>\n\t\t<\/section>\n\t\t\t\t\t\t\t\t\t<\/div>\n\t\t\t<\/div>\n\t\t\t\t\t<\/div>\n\t\t","protected":false},"excerpt":{"rendered":"<p>Hakk\u0131m\u0131zda Bu Sekt\u00f6rde Uzman\u0131z! Deprem\u2019s, depremler s\u0131ras\u0131nda binalar\u0131n ve yap\u0131lar\u0131n g\u00fc\u00e7l\u00fc ve dayan\u0131kl\u0131 olmas\u0131n\u0131 sa\u011flamak amac\u0131yla tasar\u0131m y\u00f6ntemleri ve tekniklerini uygulayan bir M\u00fchendislik firmas\u0131d\u0131r. Deprem M\u00fchendisli\u011fi, deprem y\u00fcklerine maruz kalan yap\u0131lar\u0131n hasar almamas\u0131, yeterli dayan\u0131ma sahip olmas\u0131 i\u00e7in uzmanla\u015fm\u0131\u015f bir m\u00fchendislik disiplinidir. Deprem\u2019s deprem m\u00fchendisli\u011fi alan\u0131nda faaliyet y\u00fcr\u00fctmektedir. Ne Yapar\u0131z? Vizyonumuz Misyonumuz Depremler esnas\u0131nda binalar\u0131n [&hellip;]<\/p>\n","protected":false},"author":1,"featured_media":0,"parent":0,"menu_order":0,"comment_status":"closed","ping_status":"closed","template":"template\/full-width-template.php","meta":{"_themeisle_gutenberg_block_has_review":false},"_links":{"self":[{"href":"https:\/\/www.deprems.com\/index.php?rest_route=\/wp\/v2\/pages\/1894"}],"collection":[{"href":"https:\/\/www.deprems.com\/index.php?rest_route=\/wp\/v2\/pages"}],"about":[{"href":"https:\/\/www.deprems.com\/index.php?rest_route=\/wp\/v2\/types\/page"}],"author":[{"embeddable":true,"href":"https:\/\/www.deprems.com\/index.php?rest_route=\/wp\/v2\/users\/1"}],"replies":[{"embeddable":true,"href":"https:\/\/www.deprems.com\/index.php?rest_route=%2Fwp%2Fv2%2Fcomments&post=1894"}],"version-history":[{"count":10,"href":"https:\/\/www.deprems.com\/index.php?rest_route=\/wp\/v2\/pages\/1894\/revisions"}],"predecessor-version":[{"id":6959,"href":"https:\/\/www.deprems.com\/index.php?rest_route=\/wp\/v2\/pages\/1894\/revisions\/6959"}],"wp:attachment":[{"href":"https:\/\/www.deprems.com\/index.php?rest_route=%2Fwp%2Fv2%2Fmedia&parent=1894"}],"curies":[{"name":"wp","href":"https:\/\/api.w.org\/{rel}","templated":true}]}}